{"id":2,"date":"2010-07-02T21:53:55","date_gmt":"2010-07-02T21:53:55","guid":{"rendered":"http:\/\/www.delbarrio.eu\/blo\/?page_id=2"},"modified":"2026-01-27T14:47:14","modified_gmt":"2026-01-27T12:47:14","slug":"acerca-de","status":"publish","type":"page","link":"http:\/\/www.delbarrio.eu\/blo\/acerca-de\/","title":{"rendered":"Pri la blogo \/ Sobre esto"},"content":{"rendered":"<p>Esta es la bit\u00e1cora de To\u00f1o del Barrio; s\u00e9 bienvenido. Quiz\u00e1s hayas visto ya que forma parte de una <a title=\"\u00edndice general de la web\" href=\"http:\/\/www.delbarrio.eu\/\">web m\u00e1s general<\/a>, donde tengo material algo diverso. La mayor\u00eda est\u00e1 dedicado al idioma internacional <a title=\"qu\u00e9 es el esperanto\" href=\"http:\/\/www.delbarrio.eu\/queeseo.htm\">esperanto<\/a>. Aqu\u00ed puedes ver un <a title=\"\u00edndice espa\u00f1ol\" href=\"http:\/\/www.delbarrio.eu\/es.htm\">\u00edndice de esta secci\u00f3n m\u00e1s formal<\/a>. <br \/>\nEl blog tiene ya varios a\u00f1os, pero la parte inicial hasta abril del 2010, utilizaba otra tecnolog\u00eda y dispone de su <a title=\"antigua bit\u00e1cora\" href=\"http:\/\/www.delbarrio.eu\/bitacora.htm\">propia direcci\u00f3n<\/a>. Durante estos \u00faltimos a\u00f1os no ha sido muy actualizada, en parte por mi anterior responsabilidad como presidente de la <a title=\"Federaci\u00f3n Espa\u00f1ola de Esperanto (HEF)\" href=\"http:\/\/www.esperanto.es\" target=\"_blank\" rel=\"noopener\">Federaci\u00f3n Espa\u00f1ola de Esperanto<\/a>. <br \/>\nEn cualquier caso, no habr\u00eda por qu\u00e9 decirlo, los comentarios aqu\u00ed vertidos son exclusivamente a t\u00edtulo personal. Otras observaciones y avisos pueden consultarse <a title=\"disclaimer\" href=\"http:\/\/www.delbarrio.eu\/pri.htm\">aqu\u00ed<\/a>.<\/p>\n<p><em>Tiu \u0109i estas la blogo de Tonjo del Barrio, estu bonvena. Eble vi jam rimarkis ke \u011di estas parto de <a title=\"\u011denerala indekso\" href=\"http:\/\/www.delbarrio.eu\/\">pli \u011denerala retejo<\/a>, kie mi havas iom diversan materialon. Plimulto temas pri Esperanto, sed ne nur. Tie \u0109i vi povas trovi <a title=\"esperanta indekso\" href=\"http:\/\/www.delbarrio.eu\/eo.htm\">indekson de la tekstoj en tiu \u0109i lingvo<\/a>. <br \/>\nLa blogo havas jam kelkajn jarojn, sed la eroj \u011dis aprilo 2010 uzis alian te\u0125nologion kaj havis <a title=\"malnova blogo\" href=\"http:\/\/www.delbarrio.eu\/blogo.htm\">malsaman adreson<\/a>. Dum la lastaj jaroj \u011di estis malofte aktualigata, interalie pro mia anta\u016da respondeco kiel prezidanto de <a title=\"Federaci\u00f3n Espa\u00f1ola de Esperanto (HEF)\" href=\"http:\/\/www.esperanto.es\" target=\"_blank\" rel=\"noopener\">Hispana Esperanto-Federacio<\/a>. <br \/>\nKompreneble, la tekstoj en tiu \u0109i retejo estas pure personaj. Pri aliaj atentigoj, oni povas legi <a title=\"disclaimer\" href=\"http:\/\/www.delbarrio.eu\/pri.htm\">tiun \u0109i tekston<\/a>. Kaj mallonga membiografio, kaze ke vi scivolas, trovi\u011das <a title=\"disclaimer\" href=\"http:\/\/www.delbarrio.eu\/primi.htm\">tie \u0109i<\/a>.<\/em><\/p>\n","protected":false},"excerpt":{"rendered":"<p>Esta es la bit\u00e1cora de To\u00f1o del Barrio; s\u00e9 bienvenido. Quiz\u00e1s hayas visto ya que forma parte de una web m\u00e1s general, donde tengo material algo diverso. La mayor\u00eda est\u00e1 dedicado al idioma internacional esperanto. Aqu\u00ed puedes ver un \u00edndice de esta secci\u00f3n m\u00e1s formal. El blog tiene ya varios a\u00f1os, pero la parte inicial [&hellip;]<\/p>\n","protected":false},"author":1,"featured_media":0,"parent":0,"menu_order":2,"comment_status":"closed","ping_status":"closed","template":"","meta":{"footnotes":""},"class_list":["post-2","page","type-page","status-publish","hentry"],"_links":{"self":[{"href":"http:\/\/www.delbarrio.eu\/blo\/wp-json\/wp\/v2\/pages\/2","targetHints":{"allow":["GET"]}}],"collection":[{"href":"http:\/\/www.delbarrio.eu\/blo\/wp-json\/wp\/v2\/pages"}],"about":[{"href":"http:\/\/www.delbarrio.eu\/blo\/wp-json\/wp\/v2\/types\/page"}],"author":[{"embeddable":true,"href":"http:\/\/www.delbarrio.eu\/blo\/wp-json\/wp\/v2\/users\/1"}],"replies":[{"embeddable":true,"href":"http:\/\/www.delbarrio.eu\/blo\/wp-json\/wp\/v2\/comments?post=2"}],"version-history":[{"count":11,"href":"http:\/\/www.delbarrio.eu\/blo\/wp-json\/wp\/v2\/pages\/2\/revisions"}],"predecessor-version":[{"id":1238,"href":"http:\/\/www.delbarrio.eu\/blo\/wp-json\/wp\/v2\/pages\/2\/revisions\/1238"}],"wp:attachment":[{"href":"http:\/\/www.delbarrio.eu\/blo\/wp-json\/wp\/v2\/media?parent=2"}],"curies":[{"name":"wp","href":"https:\/\/api.w.org\/{rel}","templated":true}]}}